{"id":2,"date":"2025-11-28T15:39:01","date_gmt":"2025-11-28T15:39:01","guid":{"rendered":"https:\/\/requenaguixaire.rkinformatika.online\/?page_id=2"},"modified":"2025-12-03T14:57:40","modified_gmt":"2025-12-03T14:57:40","slug":"inicio","status":"publish","type":"page","link":"https:\/\/requenaguixaire.es\/ca\/","title":{"rendered":"Inici"},"content":{"rendered":"<div data-elementor-type=\"wp-page\" data-elementor-id=\"2\" class=\"elementor elementor-2\" data-elementor-post-type=\"page\">\n\t\t\t\t<div class=\"elementor-element elementor-element-7b047d9 e-flex e-con-boxed e-con e-parent\" data-id=\"7b047d9\" data-element_type=\"container\" data-e-type=\"container\" data-settings=\"{&quot;background_background&quot;:&quot;classic&quot;}\">\n\t\t\t\t\t<div class=\"e-con-inner\">\n\t\t\t\t<div class=\"elementor-element elementor-element-493da9a animated-slow elementor-invisible elementor-widget elementor-widget-heading\" data-id=\"493da9a\" data-element_type=\"widget\" data-e-type=\"widget\" data-settings=\"{&quot;_animation&quot;:&quot;fadeInRight&quot;}\" data-widget_type=\"heading.default\">\n\t\t\t\t\t<h2 class=\"elementor-heading-title elementor-size-default\"><a href=\"https:\/\/aldapabar.com\/servicios\/\">Requena<\/a><\/h2>\t\t\t\t<\/div>\n\t\t\t\t<div class=\"elementor-element elementor-element-42a132a animated-slow elementor-invisible elementor-widget elementor-widget-heading\" data-id=\"42a132a\" data-element_type=\"widget\" data-e-type=\"widget\" data-settings=\"{&quot;_animation&quot;:&quot;fadeInRight&quot;,&quot;_animation_delay&quot;:200}\" data-widget_type=\"heading.default\">\n\t\t\t\t\t<h2 class=\"elementor-heading-title elementor-size-default\"><a href=\"https:\/\/aldapabar.com\/servicios\/\"> Guixaire<\/a><\/h2>\t\t\t\t<\/div>\n\t\t\t\t<div class=\"elementor-element elementor-element-9f562bb elementor-widget elementor-widget-heading\" data-id=\"9f562bb\" data-element_type=\"widget\" data-e-type=\"widget\" data-widget_type=\"heading.default\">\n\t\t\t\t\t<h2 class=\"elementor-heading-title elementor-size-default\">Dissenyem solucions decoratives <br> a mida amb guix, pladur i motllures.<\/h2>\t\t\t\t<\/div>\n\t\t\t\t\t<\/div>\n\t\t\t\t<\/div>\n\t\t<div class=\"elementor-element elementor-element-6515711 e-flex e-con-boxed e-con e-parent\" data-id=\"6515711\" data-element_type=\"container\" data-e-type=\"container\">\n\t\t\t\t\t<div class=\"e-con-inner\">\n\t\t<div class=\"elementor-element elementor-element-1c48e11 e-con-full e-flex e-con e-child\" data-id=\"1c48e11\" data-element_type=\"container\" data-e-type=\"container\">\n\t\t\t\t<div class=\"elementor-element elementor-element-d5d69c3 elementor-widget elementor-widget-heading\" data-id=\"d5d69c3\" data-element_type=\"widget\" data-e-type=\"widget\" data-widget_type=\"heading.default\">\n\t\t\t\t\t<h2 class=\"elementor-heading-title elementor-size-default\">Sobre nosaltres<\/h2>\t\t\t\t<\/div>\n\t\t\t\t<div class=\"elementor-element elementor-element-b8af10d elementor-widget elementor-widget-text-editor\" data-id=\"b8af10d\" data-element_type=\"widget\" data-e-type=\"widget\" data-widget_type=\"text-editor.default\">\n\t\t\t\t\t\t\t\t\t<p data-start=\"20\" data-end=\"267\">Portem anys especialitzats en guix, pladur i motllures, oferint solucions d'alta qualitat per a llars i negocis. Ens adaptem a les necessitats de cada client, garantint acabats perfectes i duradors, sempre dins del vostre pressupost.<\/p><p data-start=\"269\" data-end=\"545\" data-is-last-node=\"\" data-is-only-node=\"\">Des de revestiments de guix manuals fins a instal\u00b7lacions de pladur personalitzades, el nostre objectiu \u00e9s transformar cada espai amb eleg\u00e0ncia i funcionalitat. Les motllures de guix afegeixen un toc \u00fanic a qualsevol habitaci\u00f3, fent realitat les idees dels nostres clients.<\/p>\t\t\t\t\t\t\t\t<\/div>\n\t\t\t\t<\/div>\n\t\t<div class=\"elementor-element elementor-element-84900f1 e-con-full e-flex e-con e-child\" data-id=\"84900f1\" data-element_type=\"container\" data-e-type=\"container\">\n\t\t\t\t<div class=\"elementor-element elementor-element-d73a653 elementor-widget elementor-widget-image\" data-id=\"d73a653\" data-element_type=\"widget\" data-e-type=\"widget\" data-widget_type=\"image.default\">\n\t\t\t\t\t\t\t\t\t\t\t\t\t\t\t<img fetchpriority=\"high\" decoding=\"async\" width=\"980\" height=\"653\" src=\"https:\/\/requenaguixaire.es\/wp-content\/uploads\/2025\/12\/206-980x653-3.jpg\" class=\"attachment-full size-full wp-image-255\" alt=\"\" srcset=\"https:\/\/requenaguixaire.es\/wp-content\/uploads\/2025\/12\/206-980x653-3.jpg 980w, https:\/\/requenaguixaire.es\/wp-content\/uploads\/2025\/12\/206-980x653-3-300x200.jpg 300w, https:\/\/requenaguixaire.es\/wp-content\/uploads\/2025\/12\/206-980x653-3-768x512.jpg 768w, https:\/\/requenaguixaire.es\/wp-content\/uploads\/2025\/12\/206-980x653-3-18x12.jpg 18w\" sizes=\"(max-width: 980px) 100vw, 980px\" \/>\t\t\t\t\t\t\t\t\t\t\t\t\t\t\t<\/div>\n\t\t\t\t<\/div>\n\t\t\t\t\t<\/div>\n\t\t\t\t<\/div>\n\t\t<div class=\"elementor-element elementor-element-5b691c6 e-flex e-con-boxed e-con e-parent\" data-id=\"5b691c6\" data-element_type=\"container\" data-e-type=\"container\" data-settings=\"{&quot;background_background&quot;:&quot;classic&quot;}\">\n\t\t\t\t\t<div class=\"e-con-inner\">\n\t\t\t\t<div class=\"elementor-element elementor-element-c5781bf elementor-widget elementor-widget-heading\" data-id=\"c5781bf\" data-element_type=\"widget\" data-e-type=\"widget\" data-widget_type=\"heading.default\">\n\t\t\t\t\t<h2 class=\"elementor-heading-title elementor-size-default\">Servei de qualitat, quan ho necessitis i tal com ho necessitis.<\/h2>\t\t\t\t<\/div>\n\t\t\t\t<div class=\"elementor-element elementor-element-6326091 elementor-widget elementor-widget-button\" data-id=\"6326091\" data-element_type=\"widget\" data-e-type=\"widget\" data-widget_type=\"button.default\">\n\t\t\t\t\t\t\t\t\t\t<a class=\"elementor-button elementor-button-link elementor-size-sm\" href=\"https:\/\/requenaguixaire.es\/ca\/servicios\/\">\n\t\t\t\t\t\t<span class=\"elementor-button-content-wrapper\">\n\t\t\t\t\t\t\t\t\t<span class=\"elementor-button-text\">Serveis<\/span>\n\t\t\t\t\t<\/span>\n\t\t\t\t\t<\/a>\n\t\t\t\t\t\t\t\t<\/div>\n\t\t\t\t\t<\/div>\n\t\t\t\t<\/div>\n\t\t\t\t<\/div>","protected":false},"excerpt":{"rendered":"<p>Requena Guixaire Dise\u00f1amos soluciones decorativas a medida con yeso, pladur y molduras. Sobre nosotros Llevamos a\u00f1os especializados en yeso, pladur y molduras, ofreciendo soluciones de alta calidad para hogares y negocios. Nos adaptamos a las necesidades de cada cliente, garantizando acabados perfectos y duraderos, siempre dentro de su presupuesto. Desde revestimientos de yeso manuales hasta [&hellip;]<\/p>\n","protected":false},"author":1,"featured_media":0,"parent":0,"menu_order":0,"comment_status":"closed","ping_status":"closed","template":"elementor_canvas","meta":{"footnotes":""},"class_list":["post-2","page","type-page","status-publish","hentry"],"yoast_head":"<!-- This site is optimized with the Yoast SEO plugin v27.3 - https:\/\/yoast.com\/product\/yoast-seo-wordpress\/ -->\n<title>Inicio - Requena Guixaire<\/title>\n<meta name=\"robots\" content=\"index, follow, max-snippet:-1, max-image-preview:large, max-video-preview:-1\" \/>\n<link rel=\"canonical\" href=\"https:\/\/requenaguixaire.es\/ca\/\" \/>\n<meta property=\"og:locale\" content=\"ca_ES\" \/>\n<meta property=\"og:type\" content=\"article\" \/>\n<meta property=\"og:title\" content=\"Inicio - Requena Guixaire\" \/>\n<meta property=\"og:description\" content=\"Requena Guixaire Dise\u00f1amos soluciones decorativas a medida con yeso, pladur y molduras. Sobre nosotros Llevamos a\u00f1os especializados en yeso, pladur y molduras, ofreciendo soluciones de alta calidad para hogares y negocios. Nos adaptamos a las necesidades de cada cliente, garantizando acabados perfectos y duraderos, siempre dentro de su presupuesto. Desde revestimientos de yeso manuales hasta [&hellip;]\" \/>\n<meta property=\"og:url\" content=\"https:\/\/requenaguixaire.es\/ca\/\" \/>\n<meta property=\"og:site_name\" content=\"Requena Guixaire\" \/>\n<meta property=\"article:modified_time\" content=\"2025-12-03T14:57:40+00:00\" \/>\n<meta property=\"og:image\" content=\"https:\/\/requenaguixaire.es\/wp-content\/uploads\/2025\/12\/206-980x653-3.jpg\" \/>\n<meta name=\"twitter:card\" content=\"summary_large_image\" \/>\n<script type=\"application\/ld+json\" class=\"yoast-schema-graph\">{\"@context\":\"https:\\\/\\\/schema.org\",\"@graph\":[{\"@type\":\"WebPage\",\"@id\":\"https:\\\/\\\/requenaguixaire.es\\\/\",\"url\":\"https:\\\/\\\/requenaguixaire.es\\\/\",\"name\":\"Inicio - Requena Guixaire\",\"isPartOf\":{\"@id\":\"https:\\\/\\\/requenaguixaire.es\\\/#website\"},\"primaryImageOfPage\":{\"@id\":\"https:\\\/\\\/requenaguixaire.es\\\/#primaryimage\"},\"image\":{\"@id\":\"https:\\\/\\\/requenaguixaire.es\\\/#primaryimage\"},\"thumbnailUrl\":\"https:\\\/\\\/requenaguixaire.es\\\/wp-content\\\/uploads\\\/2025\\\/12\\\/206-980x653-3.jpg\",\"datePublished\":\"2025-11-28T15:39:01+00:00\",\"dateModified\":\"2025-12-03T14:57:40+00:00\",\"breadcrumb\":{\"@id\":\"https:\\\/\\\/requenaguixaire.es\\\/#breadcrumb\"},\"inLanguage\":\"ca\",\"potentialAction\":[{\"@type\":\"ReadAction\",\"target\":[\"https:\\\/\\\/requenaguixaire.es\\\/\"]}]},{\"@type\":\"ImageObject\",\"inLanguage\":\"ca\",\"@id\":\"https:\\\/\\\/requenaguixaire.es\\\/#primaryimage\",\"url\":\"https:\\\/\\\/requenaguixaire.es\\\/wp-content\\\/uploads\\\/2025\\\/12\\\/206-980x653-3.jpg\",\"contentUrl\":\"https:\\\/\\\/requenaguixaire.es\\\/wp-content\\\/uploads\\\/2025\\\/12\\\/206-980x653-3.jpg\"},{\"@type\":\"BreadcrumbList\",\"@id\":\"https:\\\/\\\/requenaguixaire.es\\\/#breadcrumb\",\"itemListElement\":[{\"@type\":\"ListItem\",\"position\":1,\"name\":\"Portada\",\"item\":\"https:\\\/\\\/requenaguixaire.es\\\/\"},{\"@type\":\"ListItem\",\"position\":2,\"name\":\"Inicio\"}]},{\"@type\":\"WebSite\",\"@id\":\"https:\\\/\\\/requenaguixaire.es\\\/#website\",\"url\":\"https:\\\/\\\/requenaguixaire.es\\\/\",\"name\":\"Requena Guixaire\",\"description\":\"Llevamos a\u00f1os especializados en yeso, pladur y molduras, ofreciendo soluciones de alta calidad para hogares y negocios. Nos adaptamos a las necesidades de cada cliente, garantizando acabados perfectos y duraderos, siempre dentro de su presupuesto.  Desde revestimientos de yeso manuales hasta instalaciones de pladur personalizadas, nuestro objetivo es transformar cada espacio con elegancia y funcionalidad. Las molduras de yeso a\u00f1aden un toque \u00fanico a cualquier habitaci\u00f3n, haciendo realidad las ideas de nuestros clientes.\",\"publisher\":{\"@id\":\"https:\\\/\\\/requenaguixaire.es\\\/#organization\"},\"potentialAction\":[{\"@type\":\"SearchAction\",\"target\":{\"@type\":\"EntryPoint\",\"urlTemplate\":\"https:\\\/\\\/requenaguixaire.es\\\/?s={search_term_string}\"},\"query-input\":{\"@type\":\"PropertyValueSpecification\",\"valueRequired\":true,\"valueName\":\"search_term_string\"}}],\"inLanguage\":\"ca\"},{\"@type\":\"Organization\",\"@id\":\"https:\\\/\\\/requenaguixaire.es\\\/#organization\",\"name\":\"Requena Guixaire\",\"url\":\"https:\\\/\\\/requenaguixaire.es\\\/\",\"logo\":{\"@type\":\"ImageObject\",\"inLanguage\":\"ca\",\"@id\":\"https:\\\/\\\/requenaguixaire.es\\\/#\\\/schema\\\/logo\\\/image\\\/\",\"url\":\"https:\\\/\\\/requenaguixaire.es\\\/wp-content\\\/uploads\\\/2025\\\/12\\\/cropped-requena_blanc-01.png\",\"contentUrl\":\"https:\\\/\\\/requenaguixaire.es\\\/wp-content\\\/uploads\\\/2025\\\/12\\\/cropped-requena_blanc-01.png\",\"width\":1414,\"height\":406,\"caption\":\"Requena Guixaire\"},\"image\":{\"@id\":\"https:\\\/\\\/requenaguixaire.es\\\/#\\\/schema\\\/logo\\\/image\\\/\"}}]}<\/script>\n<!-- \/ Yoast SEO plugin. -->","yoast_head_json":{"title":"Inicio - Requena Guixaire","robots":{"index":"index","follow":"follow","max-snippet":"max-snippet:-1","max-image-preview":"max-image-preview:large","max-video-preview":"max-video-preview:-1"},"canonical":"https:\/\/requenaguixaire.es\/ca\/","og_locale":"ca_ES","og_type":"article","og_title":"Inicio - Requena Guixaire","og_description":"Requena Guixaire Dise\u00f1amos soluciones decorativas a medida con yeso, pladur y molduras. Sobre nosotros Llevamos a\u00f1os especializados en yeso, pladur y molduras, ofreciendo soluciones de alta calidad para hogares y negocios. Nos adaptamos a las necesidades de cada cliente, garantizando acabados perfectos y duraderos, siempre dentro de su presupuesto. Desde revestimientos de yeso manuales hasta [&hellip;]","og_url":"https:\/\/requenaguixaire.es\/ca\/","og_site_name":"Requena Guixaire","article_modified_time":"2025-12-03T14:57:40+00:00","og_image":[{"url":"https:\/\/requenaguixaire.es\/wp-content\/uploads\/2025\/12\/206-980x653-3.jpg","type":"","width":"","height":""}],"twitter_card":"summary_large_image","schema":{"@context":"https:\/\/schema.org","@graph":[{"@type":"WebPage","@id":"https:\/\/requenaguixaire.es\/","url":"https:\/\/requenaguixaire.es\/","name":"Inicio - Requena Guixaire","isPartOf":{"@id":"https:\/\/requenaguixaire.es\/#website"},"primaryImageOfPage":{"@id":"https:\/\/requenaguixaire.es\/#primaryimage"},"image":{"@id":"https:\/\/requenaguixaire.es\/#primaryimage"},"thumbnailUrl":"https:\/\/requenaguixaire.es\/wp-content\/uploads\/2025\/12\/206-980x653-3.jpg","datePublished":"2025-11-28T15:39:01+00:00","dateModified":"2025-12-03T14:57:40+00:00","breadcrumb":{"@id":"https:\/\/requenaguixaire.es\/#breadcrumb"},"inLanguage":"ca","potentialAction":[{"@type":"ReadAction","target":["https:\/\/requenaguixaire.es\/"]}]},{"@type":"ImageObject","inLanguage":"ca","@id":"https:\/\/requenaguixaire.es\/#primaryimage","url":"https:\/\/requenaguixaire.es\/wp-content\/uploads\/2025\/12\/206-980x653-3.jpg","contentUrl":"https:\/\/requenaguixaire.es\/wp-content\/uploads\/2025\/12\/206-980x653-3.jpg"},{"@type":"BreadcrumbList","@id":"https:\/\/requenaguixaire.es\/#breadcrumb","itemListElement":[{"@type":"ListItem","position":1,"name":"Portada","item":"https:\/\/requenaguixaire.es\/"},{"@type":"ListItem","position":2,"name":"Inicio"}]},{"@type":"WebSite","@id":"https:\/\/requenaguixaire.es\/#website","url":"https:\/\/requenaguixaire.es\/","name":"Requena Guixaire","description":"Llevamos a\u00f1os especializados en yeso, pladur y molduras, ofreciendo soluciones de alta calidad para hogares y negocios. Nos adaptamos a las necesidades de cada cliente, garantizando acabados perfectos y duraderos, siempre dentro de su presupuesto.  Desde revestimientos de yeso manuales hasta instalaciones de pladur personalizadas, nuestro objetivo es transformar cada espacio con elegancia y funcionalidad. Las molduras de yeso a\u00f1aden un toque \u00fanico a cualquier habitaci\u00f3n, haciendo realidad las ideas de nuestros clientes.","publisher":{"@id":"https:\/\/requenaguixaire.es\/#organization"},"potentialAction":[{"@type":"SearchAction","target":{"@type":"EntryPoint","urlTemplate":"https:\/\/requenaguixaire.es\/?s={search_term_string}"},"query-input":{"@type":"PropertyValueSpecification","valueRequired":true,"valueName":"search_term_string"}}],"inLanguage":"ca"},{"@type":"Organization","@id":"https:\/\/requenaguixaire.es\/#organization","name":"Requena Guixaire","url":"https:\/\/requenaguixaire.es\/","logo":{"@type":"ImageObject","inLanguage":"ca","@id":"https:\/\/requenaguixaire.es\/#\/schema\/logo\/image\/","url":"https:\/\/requenaguixaire.es\/wp-content\/uploads\/2025\/12\/cropped-requena_blanc-01.png","contentUrl":"https:\/\/requenaguixaire.es\/wp-content\/uploads\/2025\/12\/cropped-requena_blanc-01.png","width":1414,"height":406,"caption":"Requena Guixaire"},"image":{"@id":"https:\/\/requenaguixaire.es\/#\/schema\/logo\/image\/"}}]}},"_links":{"self":[{"href":"https:\/\/requenaguixaire.es\/ca\/wp-json\/wp\/v2\/pages\/2","targetHints":{"allow":["GET"]}}],"collection":[{"href":"https:\/\/requenaguixaire.es\/ca\/wp-json\/wp\/v2\/pages"}],"about":[{"href":"https:\/\/requenaguixaire.es\/ca\/wp-json\/wp\/v2\/types\/page"}],"author":[{"embeddable":true,"href":"https:\/\/requenaguixaire.es\/ca\/wp-json\/wp\/v2\/users\/1"}],"replies":[{"embeddable":true,"href":"https:\/\/requenaguixaire.es\/ca\/wp-json\/wp\/v2\/comments?post=2"}],"version-history":[{"count":73,"href":"https:\/\/requenaguixaire.es\/ca\/wp-json\/wp\/v2\/pages\/2\/revisions"}],"predecessor-version":[{"id":431,"href":"https:\/\/requenaguixaire.es\/ca\/wp-json\/wp\/v2\/pages\/2\/revisions\/431"}],"wp:attachment":[{"href":"https:\/\/requenaguixaire.es\/ca\/wp-json\/wp\/v2\/media?parent=2"}],"curies":[{"name":"wp","href":"https:\/\/api.w.org\/{rel}","templated":true}]}}