{"id":12,"date":"2025-11-28T16:00:37","date_gmt":"2025-11-28T16:00:37","guid":{"rendered":"https:\/\/requenaguixaire.rkinformatika.online\/?page_id=12"},"modified":"2025-12-03T14:59:18","modified_gmt":"2025-12-03T14:59:18","slug":"servicios","status":"publish","type":"page","link":"https:\/\/requenaguixaire.es\/ca\/servicios\/","title":{"rendered":"Serveis"},"content":{"rendered":"<div data-elementor-type=\"wp-page\" data-elementor-id=\"12\" class=\"elementor elementor-12\" data-elementor-post-type=\"page\">\n\t\t\t\t<div class=\"elementor-element elementor-element-2024b9d e-flex e-con-boxed e-con e-parent\" data-id=\"2024b9d\" data-element_type=\"container\" data-e-type=\"container\" data-settings=\"{&quot;background_background&quot;:&quot;classic&quot;}\">\n\t\t\t\t\t<div class=\"e-con-inner\">\n\t\t\t\t<div class=\"elementor-element elementor-element-1e4c8e8 animated-slow elementor-invisible elementor-widget elementor-widget-heading\" data-id=\"1e4c8e8\" data-element_type=\"widget\" data-e-type=\"widget\" data-settings=\"{&quot;_animation&quot;:&quot;fadeInRight&quot;}\" data-widget_type=\"heading.default\">\n\t\t\t\t\t<h2 class=\"elementor-heading-title elementor-size-default\"><a href=\"https:\/\/aldapabar.com\/servicios\/\">Serveis\n<\/a><\/h2>\t\t\t\t<\/div>\n\t\t\t\t\t<\/div>\n\t\t\t\t<\/div>\n\t\t<div class=\"elementor-element elementor-element-2f2c234 e-flex e-con-boxed e-con e-parent\" data-id=\"2f2c234\" data-element_type=\"container\" data-e-type=\"container\">\n\t\t\t\t\t<div class=\"e-con-inner\">\n\t\t<div class=\"elementor-element elementor-element-131fc17 e-con-full e-flex e-con e-child\" data-id=\"131fc17\" data-element_type=\"container\" data-e-type=\"container\">\n\t\t\t\t<div class=\"elementor-element elementor-element-ff2db78 elementor-widget elementor-widget-image\" data-id=\"ff2db78\" data-element_type=\"widget\" data-e-type=\"widget\" data-widget_type=\"image.default\">\n\t\t\t\t\t\t\t\t\t\t\t\t\t\t\t<img fetchpriority=\"high\" decoding=\"async\" width=\"800\" height=\"533\" src=\"https:\/\/requenaguixaire.es\/wp-content\/uploads\/2025\/12\/3859-980x653-1.jpg\" class=\"attachment-large size-large wp-image-257\" alt=\"\" srcset=\"https:\/\/requenaguixaire.es\/wp-content\/uploads\/2025\/12\/3859-980x653-1.jpg 980w, https:\/\/requenaguixaire.es\/wp-content\/uploads\/2025\/12\/3859-980x653-1-300x200.jpg 300w, https:\/\/requenaguixaire.es\/wp-content\/uploads\/2025\/12\/3859-980x653-1-768x512.jpg 768w, https:\/\/requenaguixaire.es\/wp-content\/uploads\/2025\/12\/3859-980x653-1-18x12.jpg 18w\" sizes=\"(max-width: 800px) 100vw, 800px\" \/>\t\t\t\t\t\t\t\t\t\t\t\t\t\t\t<\/div>\n\t\t\t\t<\/div>\n\t\t<div class=\"elementor-element elementor-element-d040ba7 e-con-full e-flex e-con e-child\" data-id=\"d040ba7\" data-element_type=\"container\" data-e-type=\"container\">\n\t\t\t\t<div class=\"elementor-element elementor-element-bd2be32 elementor-widget elementor-widget-heading\" data-id=\"bd2be32\" data-element_type=\"widget\" data-e-type=\"widget\" data-widget_type=\"heading.default\">\n\t\t\t\t\t<h2 class=\"elementor-heading-title elementor-size-default\">YESO<\/h2>\t\t\t\t<\/div>\n\t\t\t\t<div class=\"elementor-element elementor-element-975921f elementor-widget elementor-widget-text-editor\" data-id=\"975921f\" data-element_type=\"widget\" data-e-type=\"widget\" data-widget_type=\"text-editor.default\">\n\t\t\t\t\t\t\t\t\t<p data-start=\"20\" data-end=\"267\">Le ofrecemos el mejor revestimiento por sus paredes y techos con yeso manual, con diferentes tipos de acabados, ya sea a buena vista o maquillado, pudiendo as\u00ed adaptarnos a sus necesidades y presupuestos.<\/p><p data-start=\"269\" data-end=\"545\" data-is-last-node=\"\" data-is-only-node=\"\">\u00a0<\/p>\t\t\t\t\t\t\t\t<\/div>\n\t\t\t\t<\/div>\n\t\t\t\t\t<\/div>\n\t\t\t\t<\/div>\n\t\t<div class=\"elementor-element elementor-element-3118b77 e-flex e-con-boxed e-con e-parent\" data-id=\"3118b77\" data-element_type=\"container\" data-e-type=\"container\">\n\t\t\t\t\t<div class=\"e-con-inner\">\n\t\t<div class=\"elementor-element elementor-element-278650a e-con-full e-flex e-con e-child\" data-id=\"278650a\" data-element_type=\"container\" data-e-type=\"container\">\n\t\t\t\t<div class=\"elementor-element elementor-element-911fb70 elementor-widget elementor-widget-image\" data-id=\"911fb70\" data-element_type=\"widget\" data-e-type=\"widget\" data-widget_type=\"image.default\">\n\t\t\t\t\t\t\t\t\t\t\t\t\t\t\t<img decoding=\"async\" width=\"800\" height=\"533\" src=\"https:\/\/requenaguixaire.es\/wp-content\/uploads\/2025\/12\/6251-980x653-1.jpg\" class=\"attachment-large size-large wp-image-256\" alt=\"\" srcset=\"https:\/\/requenaguixaire.es\/wp-content\/uploads\/2025\/12\/6251-980x653-1.jpg 980w, https:\/\/requenaguixaire.es\/wp-content\/uploads\/2025\/12\/6251-980x653-1-300x200.jpg 300w, https:\/\/requenaguixaire.es\/wp-content\/uploads\/2025\/12\/6251-980x653-1-768x512.jpg 768w, https:\/\/requenaguixaire.es\/wp-content\/uploads\/2025\/12\/6251-980x653-1-18x12.jpg 18w\" sizes=\"(max-width: 800px) 100vw, 800px\" \/>\t\t\t\t\t\t\t\t\t\t\t\t\t\t\t<\/div>\n\t\t\t\t<\/div>\n\t\t<div class=\"elementor-element elementor-element-df66ecd e-con-full e-flex e-con e-child\" data-id=\"df66ecd\" data-element_type=\"container\" data-e-type=\"container\">\n\t\t\t\t<div class=\"elementor-element elementor-element-d995df2 elementor-widget elementor-widget-heading\" data-id=\"d995df2\" data-element_type=\"widget\" data-e-type=\"widget\" data-widget_type=\"heading.default\">\n\t\t\t\t\t<h2 class=\"elementor-heading-title elementor-size-default\">PLADUR<\/h2>\t\t\t\t<\/div>\n\t\t\t\t<div class=\"elementor-element elementor-element-232e144 elementor-widget elementor-widget-text-editor\" data-id=\"232e144\" data-element_type=\"widget\" data-e-type=\"widget\" data-widget_type=\"text-editor.default\">\n\t\t\t\t\t\t\t\t\t<p data-start=\"20\" data-end=\"267\">Instalamos todo tipo de pladur; ya sea en techos o paredes. Nos adaptamos a cualquier espacio y forma, realizando techos continuos, tabiques, trasdosados, luces indirectas, cortineros, cajones, trampillas, puertas correderas, cortafuegos, muebles\u2026 etc. Disponemos de placas tipo est\u00e1ndar (blanca), para espacios sin exigencias espec\u00edficas, hidr\u00f3fuga e inifuga (verde), que incorpora un tratamiento anti-humedad, y fuego, por requerimientos de protecci\u00f3n pasiva en el fuego.\u00a0<\/p>\t\t\t\t\t\t\t\t<\/div>\n\t\t\t\t<\/div>\n\t\t\t\t\t<\/div>\n\t\t\t\t<\/div>\n\t\t<div class=\"elementor-element elementor-element-513f6b6 e-flex e-con-boxed e-con e-parent\" data-id=\"513f6b6\" data-element_type=\"container\" data-e-type=\"container\">\n\t\t\t\t\t<div class=\"e-con-inner\">\n\t\t<div class=\"elementor-element elementor-element-f39cd92 e-con-full e-flex e-con e-child\" data-id=\"f39cd92\" data-element_type=\"container\" data-e-type=\"container\">\n\t\t\t\t<div class=\"elementor-element elementor-element-0fa5c15 elementor-widget__width-initial elementor-widget elementor-widget-image\" data-id=\"0fa5c15\" data-element_type=\"widget\" data-e-type=\"widget\" data-widget_type=\"image.default\">\n\t\t\t\t\t\t\t\t\t\t\t\t\t\t\t<img decoding=\"async\" width=\"683\" height=\"1024\" src=\"https:\/\/requenaguixaire.es\/wp-content\/uploads\/2025\/12\/minimalist-spacious-interior-design-683x1024.jpg\" class=\"attachment-large size-large wp-image-316\" alt=\"\" srcset=\"https:\/\/requenaguixaire.es\/wp-content\/uploads\/2025\/12\/minimalist-spacious-interior-design-683x1024.jpg 683w, https:\/\/requenaguixaire.es\/wp-content\/uploads\/2025\/12\/minimalist-spacious-interior-design-200x300.jpg 200w, https:\/\/requenaguixaire.es\/wp-content\/uploads\/2025\/12\/minimalist-spacious-interior-design-768x1152.jpg 768w, https:\/\/requenaguixaire.es\/wp-content\/uploads\/2025\/12\/minimalist-spacious-interior-design-1024x1536.jpg 1024w, https:\/\/requenaguixaire.es\/wp-content\/uploads\/2025\/12\/minimalist-spacious-interior-design-8x12.jpg 8w\" sizes=\"(max-width: 683px) 100vw, 683px\" \/>\t\t\t\t\t\t\t\t\t\t\t\t\t\t\t<\/div>\n\t\t\t\t<\/div>\n\t\t<div class=\"elementor-element elementor-element-078b23f e-con-full e-flex e-con e-child\" data-id=\"078b23f\" data-element_type=\"container\" data-e-type=\"container\">\n\t\t\t\t<div class=\"elementor-element elementor-element-e5da4bd elementor-widget elementor-widget-heading\" data-id=\"e5da4bd\" data-element_type=\"widget\" data-e-type=\"widget\" data-widget_type=\"heading.default\">\n\t\t\t\t\t<h2 class=\"elementor-heading-title elementor-size-default\">DECORACI\u00d3N<\/h2>\t\t\t\t<\/div>\n\t\t\t\t<div class=\"elementor-element elementor-element-16af77e elementor-widget elementor-widget-text-editor\" data-id=\"16af77e\" data-element_type=\"widget\" data-e-type=\"widget\" data-widget_type=\"text-editor.default\">\n\t\t\t\t\t\t\t\t\t<p data-start=\"20\" data-end=\"267\">Decorar con molduras de yeso ya sea en nuestras paredes o en nuestros techos, es capaz de atribuir un car\u00e1cter y aire totalmente novedosos a nuestro hogar.<\/p>\t\t\t\t\t\t\t\t<\/div>\n\t\t\t\t<\/div>\n\t\t\t\t\t<\/div>\n\t\t\t\t<\/div>\n\t\t<div class=\"elementor-element elementor-element-02fb43b e-flex e-con-boxed e-con e-parent\" data-id=\"02fb43b\" data-element_type=\"container\" data-e-type=\"container\">\n\t\t\t\t\t<div class=\"e-con-inner\">\n\t\t\t\t<div class=\"elementor-element elementor-element-6c67c62 elementor-widget elementor-widget-image-carousel\" data-id=\"6c67c62\" data-element_type=\"widget\" data-e-type=\"widget\" data-settings=\"{&quot;slides_to_show&quot;:&quot;3&quot;,&quot;slides_to_scroll&quot;:&quot;1&quot;,&quot;navigation&quot;:&quot;none&quot;,&quot;slides_to_show_mobile&quot;:&quot;1&quot;,&quot;autoplay&quot;:&quot;yes&quot;,&quot;pause_on_hover&quot;:&quot;yes&quot;,&quot;pause_on_interaction&quot;:&quot;yes&quot;,&quot;autoplay_speed&quot;:5000,&quot;infinite&quot;:&quot;yes&quot;,&quot;speed&quot;:500,&quot;image_spacing_custom&quot;:{&quot;unit&quot;:&quot;px&quot;,&quot;size&quot;:20,&quot;sizes&quot;:[]},&quot;image_spacing_custom_tablet&quot;:{&quot;unit&quot;:&quot;px&quot;,&quot;size&quot;:&quot;&quot;,&quot;sizes&quot;:[]}}\" data-widget_type=\"image-carousel.default\">\n\t\t\t\t\t\t\t<div class=\"elementor-image-carousel-wrapper swiper\" role=\"region\" aria-roledescription=\"carousel\" aria-label=\"Carrusel de im\u00e1genes\" dir=\"ltr\">\n\t\t\t<div class=\"elementor-image-carousel swiper-wrapper\" aria-live=\"off\">\n\t\t\t\t\t\t\t\t<div class=\"swiper-slide\" role=\"group\" aria-roledescription=\"slide\" aria-label=\"1 de 5\" data-no-translation-aria-label=\"\"><a data-elementor-open-lightbox=\"yes\" data-elementor-lightbox-slideshow=\"6c67c62\" data-elementor-lightbox-title=\"minimalist-spacious-interior-design\" data-e-action-hash=\"#elementor-action%3Aaction%3Dlightbox%26settings%3DeyJpZCI6MzE2LCJ1cmwiOiJodHRwczpcL1wvcmVxdWVuYWd1aXhhaXJlLmVzXC93cC1jb250ZW50XC91cGxvYWRzXC8yMDI1XC8xMlwvbWluaW1hbGlzdC1zcGFjaW91cy1pbnRlcmlvci1kZXNpZ24uanBnIiwic2xpZGVzaG93IjoiNmM2N2M2MiJ9\" href=\"https:\/\/requenaguixaire.es\/wp-content\/uploads\/2025\/12\/minimalist-spacious-interior-design.jpg\"><figure class=\"swiper-slide-inner\"><img decoding=\"async\" class=\"swiper-slide-image\" src=\"https:\/\/requenaguixaire.es\/wp-content\/uploads\/elementor\/thumbs\/minimalist-spacious-interior-design-rfkmvq1l0qg5iuoae59ihmea6bn5do7o5iy2kbgtr4.jpg\" alt=\"minimalist-spacious-interior-design\" \/><\/figure><\/a><\/div><div class=\"swiper-slide\" role=\"group\" aria-roledescription=\"slide\" aria-label=\"2 de 5\" data-no-translation-aria-label=\"\"><a data-elementor-open-lightbox=\"yes\" data-elementor-lightbox-slideshow=\"6c67c62\" data-elementor-lightbox-title=\"Sin t\u00edtulo (1500 x 800 px)\" data-e-action-hash=\"#elementor-action%3Aaction%3Dlightbox%26settings%3DeyJpZCI6Mjg0LCJ1cmwiOiJodHRwczpcL1wvcmVxdWVuYWd1aXhhaXJlLmVzXC93cC1jb250ZW50XC91cGxvYWRzXC8yMDI1XC8xMlwvU2luLXRpdHVsby0xNTAwLXgtODAwLXB4LnBuZyIsInNsaWRlc2hvdyI6IjZjNjdjNjIifQ%3D%3D\" href=\"https:\/\/requenaguixaire.es\/wp-content\/uploads\/2025\/12\/Sin-titulo-1500-x-800-px.png\"><figure class=\"swiper-slide-inner\"><img decoding=\"async\" class=\"swiper-slide-image\" src=\"https:\/\/requenaguixaire.es\/wp-content\/uploads\/elementor\/thumbs\/Sin-titulo-1500-x-800-px-rfkkj4khxin4m9k0dkua2ywthwlwmcdcit8vnswdr4.png\" alt=\"Sin t\u00edtulo (1500 x 800 px)\" \/><\/figure><\/a><\/div><div class=\"swiper-slide\" role=\"group\" aria-roledescription=\"slide\" aria-label=\"3 de 5\" data-no-translation-aria-label=\"\"><a data-elementor-open-lightbox=\"yes\" data-elementor-lightbox-slideshow=\"6c67c62\" data-elementor-lightbox-title=\"hand of worker using gypsum plaster ceiling joints\" data-e-action-hash=\"#elementor-action%3Aaction%3Dlightbox%26settings%3DeyJpZCI6MjYxLCJ1cmwiOiJodHRwczpcL1wvcmVxdWVuYWd1aXhhaXJlLmVzXC93cC1jb250ZW50XC91cGxvYWRzXC8yMDI1XC8xMlwvMTMxMC05ODB4NjUzLTEuanBnIiwic2xpZGVzaG93IjoiNmM2N2M2MiJ9\" href=\"https:\/\/requenaguixaire.es\/wp-content\/uploads\/2025\/12\/1310-980x653-1.jpg\"><figure class=\"swiper-slide-inner\"><img decoding=\"async\" class=\"swiper-slide-image\" src=\"https:\/\/requenaguixaire.es\/wp-content\/uploads\/elementor\/thumbs\/1310-980x653-1-rfixz7m3kp2cf3f54f5ggw7rqq96y03c1ll7p2brfk.jpg\" alt=\"hand of worker using gypsum plaster ceiling joints at construction site\" \/><\/figure><\/a><\/div><div class=\"swiper-slide\" role=\"group\" aria-roledescription=\"slide\" aria-label=\"4 de 5\" data-no-translation-aria-label=\"\"><a data-elementor-open-lightbox=\"yes\" data-elementor-lightbox-slideshow=\"6c67c62\" data-elementor-lightbox-title=\"Beautiful Living room new home construction interior drywall and finish details\" data-e-action-hash=\"#elementor-action%3Aaction%3Dlightbox%26settings%3DeyJpZCI6MjYwLCJ1cmwiOiJodHRwczpcL1wvcmVxdWVuYWd1aXhhaXJlLmVzXC93cC1jb250ZW50XC91cGxvYWRzXC8yMDI1XC8xMlwvNjk0LTk4MHg2NTMtMS5qcGciLCJzbGlkZXNob3ciOiI2YzY3YzYyIn0%3D\" href=\"https:\/\/requenaguixaire.es\/wp-content\/uploads\/2025\/12\/694-980x653-1.jpg\"><figure class=\"swiper-slide-inner\"><img decoding=\"async\" class=\"swiper-slide-image\" src=\"https:\/\/requenaguixaire.es\/wp-content\/uploads\/elementor\/thumbs\/694-980x653-1-rfixz5qf70zrrvhvfec7bwoujyigilvvdca8qiejs0.jpg\" alt=\"Beautiful Living room Architecture new home construction interior drywall and finish details\" \/><\/figure><\/a><\/div><div class=\"swiper-slide\" role=\"group\" aria-roledescription=\"slide\" aria-label=\"5 de 5\" data-no-translation-aria-label=\"\"><a data-elementor-open-lightbox=\"yes\" data-elementor-lightbox-slideshow=\"6c67c62\" data-elementor-lightbox-title=\"Ceiling moldings in the interior, detail of corner\" data-e-action-hash=\"#elementor-action%3Aaction%3Dlightbox%26settings%3DeyJpZCI6MjU3LCJ1cmwiOiJodHRwczpcL1wvcmVxdWVuYWd1aXhhaXJlLmVzXC93cC1jb250ZW50XC91cGxvYWRzXC8yMDI1XC8xMlwvMzg1OS05ODB4NjUzLTEuanBnIiwic2xpZGVzaG93IjoiNmM2N2M2MiJ9\" href=\"https:\/\/requenaguixaire.es\/wp-content\/uploads\/2025\/12\/3859-980x653-1.jpg\"><figure class=\"swiper-slide-inner\"><img decoding=\"async\" class=\"swiper-slide-image\" src=\"https:\/\/requenaguixaire.es\/wp-content\/uploads\/elementor\/thumbs\/3859-980x653-1-rfixz3uqtcx74nklqdiy6x5xd6rq37oep2z9ryhc4g.jpg\" alt=\"Ceiling moldings in the interior, detail of corner.\" \/><\/figure><\/a><\/div>\t\t\t<\/div>\n\t\t\t\t\t\t\t\n\t\t\t\t\t\t\t\t\t<\/div>\n\t\t\t\t\t\t<\/div>\n\t\t\t\t<div class=\"elementor-element elementor-element-5103ac0 elementor-widget elementor-widget-heading\" data-id=\"5103ac0\" data-element_type=\"widget\" data-e-type=\"widget\" data-widget_type=\"heading.default\">\n\t\t\t\t\t<h2 class=\"elementor-heading-title elementor-size-default\">Galer\u00eda<\/h2>\t\t\t\t<\/div>\n\t\t\t\t\t<\/div>\n\t\t\t\t<\/div>\n\t\t<div class=\"elementor-element elementor-element-606920c e-flex e-con-boxed e-con e-parent\" data-id=\"606920c\" data-element_type=\"container\" data-e-type=\"container\" data-settings=\"{&quot;background_background&quot;:&quot;classic&quot;}\">\n\t\t\t\t\t<div class=\"e-con-inner\">\n\t\t\t\t<div class=\"elementor-element elementor-element-f074270 elementor-widget elementor-widget-heading\" data-id=\"f074270\" data-element_type=\"widget\" data-e-type=\"widget\" data-widget_type=\"heading.default\">\n\t\t\t\t\t<h2 class=\"elementor-heading-title elementor-size-default\">Estamos contigo en cada paso.<\/h2>\t\t\t\t<\/div>\n\t\t\t\t<div class=\"elementor-element elementor-element-7196e5c elementor-widget elementor-widget-button\" data-id=\"7196e5c\" data-element_type=\"widget\" data-e-type=\"widget\" data-widget_type=\"button.default\">\n\t\t\t\t\t\t\t\t\t\t<a class=\"elementor-button elementor-button-link elementor-size-sm\" href=\"https:\/\/requenaguixaire.es\/ca\/contacto\/\">\n\t\t\t\t\t\t<span class=\"elementor-button-content-wrapper\">\n\t\t\t\t\t\t\t\t\t<span class=\"elementor-button-text\">Contacte<\/span>\n\t\t\t\t\t<\/span>\n\t\t\t\t\t<\/a>\n\t\t\t\t\t\t\t\t<\/div>\n\t\t\t\t\t<\/div>\n\t\t\t\t<\/div>\n\t\t\t\t<\/div>","protected":false},"excerpt":{"rendered":"<p>Servicios YESO Le ofrecemos el mejor revestimiento por sus paredes y techos con yeso manual, con diferentes tipos de acabados, ya sea a buena vista o maquillado, pudiendo as\u00ed adaptarnos a sus necesidades y presupuestos. \u00a0 PLADUR Instalamos todo tipo de pladur; ya sea en techos o paredes. Nos adaptamos a cualquier espacio y forma, [&hellip;]<\/p>\n","protected":false},"author":1,"featured_media":0,"parent":0,"menu_order":0,"comment_status":"closed","ping_status":"closed","template":"elementor_canvas","meta":{"footnotes":""},"class_list":["post-12","page","type-page","status-publish","hentry"],"yoast_head":"<!-- This site is optimized with the Yoast SEO plugin v27.3 - https:\/\/yoast.com\/product\/yoast-seo-wordpress\/ -->\n<title>Servicios - Requena Guixaire<\/title>\n<meta name=\"robots\" content=\"index, follow, max-snippet:-1, max-image-preview:large, max-video-preview:-1\" \/>\n<link rel=\"canonical\" href=\"https:\/\/requenaguixaire.es\/ca\/servicios\/\" \/>\n<meta property=\"og:locale\" content=\"ca_ES\" \/>\n<meta property=\"og:type\" content=\"article\" \/>\n<meta property=\"og:title\" content=\"Servicios - Requena Guixaire\" \/>\n<meta property=\"og:description\" content=\"Servicios YESO Le ofrecemos el mejor revestimiento por sus paredes y techos con yeso manual, con diferentes tipos de acabados, ya sea a buena vista o maquillado, pudiendo as\u00ed adaptarnos a sus necesidades y presupuestos. \u00a0 PLADUR Instalamos todo tipo de pladur; ya sea en techos o paredes. Nos adaptamos a cualquier espacio y forma, [&hellip;]\" \/>\n<meta property=\"og:url\" content=\"https:\/\/requenaguixaire.es\/ca\/servicios\/\" \/>\n<meta property=\"og:site_name\" content=\"Requena Guixaire\" \/>\n<meta property=\"article:modified_time\" content=\"2025-12-03T14:59:18+00:00\" \/>\n<meta property=\"og:image\" content=\"https:\/\/requenaguixaire.es\/wp-content\/uploads\/2025\/12\/3859-980x653-1.jpg\" \/>\n<meta name=\"twitter:card\" content=\"summary_large_image\" \/>\n<script type=\"application\/ld+json\" class=\"yoast-schema-graph\">{\"@context\":\"https:\\\/\\\/schema.org\",\"@graph\":[{\"@type\":\"WebPage\",\"@id\":\"https:\\\/\\\/requenaguixaire.es\\\/servicios\\\/\",\"url\":\"https:\\\/\\\/requenaguixaire.es\\\/servicios\\\/\",\"name\":\"Servicios - Requena Guixaire\",\"isPartOf\":{\"@id\":\"https:\\\/\\\/requenaguixaire.es\\\/#website\"},\"primaryImageOfPage\":{\"@id\":\"https:\\\/\\\/requenaguixaire.es\\\/servicios\\\/#primaryimage\"},\"image\":{\"@id\":\"https:\\\/\\\/requenaguixaire.es\\\/servicios\\\/#primaryimage\"},\"thumbnailUrl\":\"https:\\\/\\\/requenaguixaire.es\\\/wp-content\\\/uploads\\\/2025\\\/12\\\/3859-980x653-1.jpg\",\"datePublished\":\"2025-11-28T16:00:37+00:00\",\"dateModified\":\"2025-12-03T14:59:18+00:00\",\"breadcrumb\":{\"@id\":\"https:\\\/\\\/requenaguixaire.es\\\/servicios\\\/#breadcrumb\"},\"inLanguage\":\"ca\",\"potentialAction\":[{\"@type\":\"ReadAction\",\"target\":[\"https:\\\/\\\/requenaguixaire.es\\\/servicios\\\/\"]}]},{\"@type\":\"ImageObject\",\"inLanguage\":\"ca\",\"@id\":\"https:\\\/\\\/requenaguixaire.es\\\/servicios\\\/#primaryimage\",\"url\":\"https:\\\/\\\/requenaguixaire.es\\\/wp-content\\\/uploads\\\/2025\\\/12\\\/3859-980x653-1.jpg\",\"contentUrl\":\"https:\\\/\\\/requenaguixaire.es\\\/wp-content\\\/uploads\\\/2025\\\/12\\\/3859-980x653-1.jpg\"},{\"@type\":\"BreadcrumbList\",\"@id\":\"https:\\\/\\\/requenaguixaire.es\\\/servicios\\\/#breadcrumb\",\"itemListElement\":[{\"@type\":\"ListItem\",\"position\":1,\"name\":\"Portada\",\"item\":\"https:\\\/\\\/requenaguixaire.es\\\/\"},{\"@type\":\"ListItem\",\"position\":2,\"name\":\"Servicios\"}]},{\"@type\":\"WebSite\",\"@id\":\"https:\\\/\\\/requenaguixaire.es\\\/#website\",\"url\":\"https:\\\/\\\/requenaguixaire.es\\\/\",\"name\":\"Requena Guixaire\",\"description\":\"Llevamos a\u00f1os especializados en yeso, pladur y molduras, ofreciendo soluciones de alta calidad para hogares y negocios. Nos adaptamos a las necesidades de cada cliente, garantizando acabados perfectos y duraderos, siempre dentro de su presupuesto.  Desde revestimientos de yeso manuales hasta instalaciones de pladur personalizadas, nuestro objetivo es transformar cada espacio con elegancia y funcionalidad. Las molduras de yeso a\u00f1aden un toque \u00fanico a cualquier habitaci\u00f3n, haciendo realidad las ideas de nuestros clientes.\",\"publisher\":{\"@id\":\"https:\\\/\\\/requenaguixaire.es\\\/#organization\"},\"potentialAction\":[{\"@type\":\"SearchAction\",\"target\":{\"@type\":\"EntryPoint\",\"urlTemplate\":\"https:\\\/\\\/requenaguixaire.es\\\/?s={search_term_string}\"},\"query-input\":{\"@type\":\"PropertyValueSpecification\",\"valueRequired\":true,\"valueName\":\"search_term_string\"}}],\"inLanguage\":\"ca\"},{\"@type\":\"Organization\",\"@id\":\"https:\\\/\\\/requenaguixaire.es\\\/#organization\",\"name\":\"Requena Guixaire\",\"url\":\"https:\\\/\\\/requenaguixaire.es\\\/\",\"logo\":{\"@type\":\"ImageObject\",\"inLanguage\":\"ca\",\"@id\":\"https:\\\/\\\/requenaguixaire.es\\\/#\\\/schema\\\/logo\\\/image\\\/\",\"url\":\"https:\\\/\\\/requenaguixaire.es\\\/wp-content\\\/uploads\\\/2025\\\/12\\\/cropped-requena_blanc-01.png\",\"contentUrl\":\"https:\\\/\\\/requenaguixaire.es\\\/wp-content\\\/uploads\\\/2025\\\/12\\\/cropped-requena_blanc-01.png\",\"width\":1414,\"height\":406,\"caption\":\"Requena Guixaire\"},\"image\":{\"@id\":\"https:\\\/\\\/requenaguixaire.es\\\/#\\\/schema\\\/logo\\\/image\\\/\"}}]}<\/script>\n<!-- \/ Yoast SEO plugin. -->","yoast_head_json":{"title":"Servicios - Requena Guixaire","robots":{"index":"index","follow":"follow","max-snippet":"max-snippet:-1","max-image-preview":"max-image-preview:large","max-video-preview":"max-video-preview:-1"},"canonical":"https:\/\/requenaguixaire.es\/ca\/servicios\/","og_locale":"ca_ES","og_type":"article","og_title":"Servicios - Requena Guixaire","og_description":"Servicios YESO Le ofrecemos el mejor revestimiento por sus paredes y techos con yeso manual, con diferentes tipos de acabados, ya sea a buena vista o maquillado, pudiendo as\u00ed adaptarnos a sus necesidades y presupuestos. \u00a0 PLADUR Instalamos todo tipo de pladur; ya sea en techos o paredes. Nos adaptamos a cualquier espacio y forma, [&hellip;]","og_url":"https:\/\/requenaguixaire.es\/ca\/servicios\/","og_site_name":"Requena Guixaire","article_modified_time":"2025-12-03T14:59:18+00:00","og_image":[{"url":"https:\/\/requenaguixaire.es\/wp-content\/uploads\/2025\/12\/3859-980x653-1.jpg","type":"","width":"","height":""}],"twitter_card":"summary_large_image","schema":{"@context":"https:\/\/schema.org","@graph":[{"@type":"WebPage","@id":"https:\/\/requenaguixaire.es\/servicios\/","url":"https:\/\/requenaguixaire.es\/servicios\/","name":"Servicios - Requena Guixaire","isPartOf":{"@id":"https:\/\/requenaguixaire.es\/#website"},"primaryImageOfPage":{"@id":"https:\/\/requenaguixaire.es\/servicios\/#primaryimage"},"image":{"@id":"https:\/\/requenaguixaire.es\/servicios\/#primaryimage"},"thumbnailUrl":"https:\/\/requenaguixaire.es\/wp-content\/uploads\/2025\/12\/3859-980x653-1.jpg","datePublished":"2025-11-28T16:00:37+00:00","dateModified":"2025-12-03T14:59:18+00:00","breadcrumb":{"@id":"https:\/\/requenaguixaire.es\/servicios\/#breadcrumb"},"inLanguage":"ca","potentialAction":[{"@type":"ReadAction","target":["https:\/\/requenaguixaire.es\/servicios\/"]}]},{"@type":"ImageObject","inLanguage":"ca","@id":"https:\/\/requenaguixaire.es\/servicios\/#primaryimage","url":"https:\/\/requenaguixaire.es\/wp-content\/uploads\/2025\/12\/3859-980x653-1.jpg","contentUrl":"https:\/\/requenaguixaire.es\/wp-content\/uploads\/2025\/12\/3859-980x653-1.jpg"},{"@type":"BreadcrumbList","@id":"https:\/\/requenaguixaire.es\/servicios\/#breadcrumb","itemListElement":[{"@type":"ListItem","position":1,"name":"Portada","item":"https:\/\/requenaguixaire.es\/"},{"@type":"ListItem","position":2,"name":"Servicios"}]},{"@type":"WebSite","@id":"https:\/\/requenaguixaire.es\/#website","url":"https:\/\/requenaguixaire.es\/","name":"Requena Guixaire","description":"Llevamos a\u00f1os especializados en yeso, pladur y molduras, ofreciendo soluciones de alta calidad para hogares y negocios. Nos adaptamos a las necesidades de cada cliente, garantizando acabados perfectos y duraderos, siempre dentro de su presupuesto.  Desde revestimientos de yeso manuales hasta instalaciones de pladur personalizadas, nuestro objetivo es transformar cada espacio con elegancia y funcionalidad. Las molduras de yeso a\u00f1aden un toque \u00fanico a cualquier habitaci\u00f3n, haciendo realidad las ideas de nuestros clientes.","publisher":{"@id":"https:\/\/requenaguixaire.es\/#organization"},"potentialAction":[{"@type":"SearchAction","target":{"@type":"EntryPoint","urlTemplate":"https:\/\/requenaguixaire.es\/?s={search_term_string}"},"query-input":{"@type":"PropertyValueSpecification","valueRequired":true,"valueName":"search_term_string"}}],"inLanguage":"ca"},{"@type":"Organization","@id":"https:\/\/requenaguixaire.es\/#organization","name":"Requena Guixaire","url":"https:\/\/requenaguixaire.es\/","logo":{"@type":"ImageObject","inLanguage":"ca","@id":"https:\/\/requenaguixaire.es\/#\/schema\/logo\/image\/","url":"https:\/\/requenaguixaire.es\/wp-content\/uploads\/2025\/12\/cropped-requena_blanc-01.png","contentUrl":"https:\/\/requenaguixaire.es\/wp-content\/uploads\/2025\/12\/cropped-requena_blanc-01.png","width":1414,"height":406,"caption":"Requena Guixaire"},"image":{"@id":"https:\/\/requenaguixaire.es\/#\/schema\/logo\/image\/"}}]}},"_links":{"self":[{"href":"https:\/\/requenaguixaire.es\/ca\/wp-json\/wp\/v2\/pages\/12","targetHints":{"allow":["GET"]}}],"collection":[{"href":"https:\/\/requenaguixaire.es\/ca\/wp-json\/wp\/v2\/pages"}],"about":[{"href":"https:\/\/requenaguixaire.es\/ca\/wp-json\/wp\/v2\/types\/page"}],"author":[{"embeddable":true,"href":"https:\/\/requenaguixaire.es\/ca\/wp-json\/wp\/v2\/users\/1"}],"replies":[{"embeddable":true,"href":"https:\/\/requenaguixaire.es\/ca\/wp-json\/wp\/v2\/comments?post=12"}],"version-history":[{"count":70,"href":"https:\/\/requenaguixaire.es\/ca\/wp-json\/wp\/v2\/pages\/12\/revisions"}],"predecessor-version":[{"id":434,"href":"https:\/\/requenaguixaire.es\/ca\/wp-json\/wp\/v2\/pages\/12\/revisions\/434"}],"wp:attachment":[{"href":"https:\/\/requenaguixaire.es\/ca\/wp-json\/wp\/v2\/media?parent=12"}],"curies":[{"name":"wp","href":"https:\/\/api.w.org\/{rel}","templated":true}]}}